{"id":2380,"date":"2022-04-04T17:13:55","date_gmt":"2022-04-04T15:13:55","guid":{"rendered":"https:\/\/www.ergon-verlag.de\/subject-area-literary-studies\/"},"modified":"2023-08-14T15:55:53","modified_gmt":"2023-08-14T13:55:53","slug":"subject-area-literary-studies","status":"publish","type":"page","link":"https:\/\/www.ergon-verlag.de\/en\/subject-area-literary-studies\/","title":{"rendered":"Subject area Literary Studies"},"content":{"rendered":"\n<section class=\"content-stage big-stage bottom-type-1 image-type-1 \">\n    <div class=\"text-item\">\n                    <h2 class=\"headline-3\">Subject area<\/h2>\n        \n                    <h3 class=\"headline-2 \"\n                data-text=\"Literary Studies\">\n                                    Literary Studies\n                            <\/h3>\n        \n                    <div class=\"wysiwyg\">\n                <div id=\"main-content\" class=\"wiki-content css-exk3kk e4p5jys0\" data-test-appearance=\"full-page\">\n<div class=\"ak-renderer-wrapper sc-bwzfXH bVXEpg\">\n<div class=\"sc-cqpYsc cZivVT\">\n<div class=\"ak-renderer-document\">\n<p data-renderer-start-pos=\"1\">German literary studies as a renowned programme focus has accompanied Ergon Verlag since its beginnings. After taking over the supervision of the R\u00fcckert-Gesellschaft e. V. in Schweinfurt, Ergon founded several literary series, which are still among the leading publications in the field today. The portfolio includes studies on literary history, theory, interpretation and criticism from the Middle Ages to the present, thus providing a publishing framework for the entire spectrum of research in the field.<\/p>\n<\/div>\n<\/div>\n<\/div>\n<\/div>\n\n            <\/div>\n        \n        \n            <\/div>\n\n            <div class=\"image-item\">\n            \n            <div class=\"js-scroll-animations scroll-animations__image-wrapper \" data-scroll-animation-type=\"zoomImage\">\n                                    <picture class=\"content-block__image\">\n                                    \n                                                                                        \n                                                                    \n                                    <source\n                            type=\"image\/webp\"\n                            srcset=\"                                                                                                                                https:\/\/www.ergon-verlag.de\/wp-content\/uploads\/sites\/5\/2022\/05\/My-project-Kopie-Kopie-14-1056x0-c-default.webp 1056w\n                                                                                                                \"\n                            sizes=\"1056px\"\n                    >\n                                            \n                                                                                        \n                                                                    \n                                    <img decoding=\"async\"\n                                                    loading=\"lazy\"\n                                                decode=\"async\"\n                        src=\"https:\/\/www.ergon-verlag.de\/wp-content\/uploads\/sites\/5\/2022\/05\/My-project-Kopie-Kopie-14-50x0-c-default.jpg\"\n                        srcset=\"                                                                                                                                https:\/\/www.ergon-verlag.de\/wp-content\/uploads\/sites\/5\/2022\/05\/My-project-Kopie-Kopie-14-1056x0-c-default.jpg 1056w\n                                                                                                                \"\n                        sizes=\"auto, 1056px\"\n                        alt=\"\"\n                        \n                        width=\"1056\"\n                        height=\"\"\n                    >\n                                        <\/picture>\n\n            <\/div>\n\n            <div class=\"tablet-image\">\n                    <picture >\n                                    \n                                                                                        \n                                                                    \n                                    <source\n                            type=\"image\/webp\"\n                            srcset=\"                                                                                                                                https:\/\/www.ergon-verlag.de\/wp-content\/uploads\/sites\/5\/2022\/05\/My-project-Kopie-Kopie-14-412x0-c-default.webp 412w\n                                                                            ,                                                                                                                                https:\/\/www.ergon-verlag.de\/wp-content\/uploads\/sites\/5\/2022\/05\/My-project-Kopie-Kopie-14-528x0-c-default.webp 528w\n                                                                            ,                                                                                                                                https:\/\/www.ergon-verlag.de\/wp-content\/uploads\/sites\/5\/2022\/05\/My-project-Kopie-Kopie-14-980x0-c-default.webp 980w\n                                                                                                                \"\n                            sizes=\"(-webkit-min-device-pixel-ratio: 2) 50vw,\n                            (min-resolution: 192dpi) 50vw,\n                            (min-resolution: 2dppx) 50vw,\n                            (-webkit-min-device-pixel-ratio: 3) 33.33vw,\n                            (min-resolution: 288dpi) 33.33vw,\n                            (min-resolution: 3dppx) 33.33vw\"\n                    >\n                                            \n                                                                                        \n                                                                    \n                                    <img decoding=\"async\"\n                                                    loading=\"lazy\"\n                                                decode=\"async\"\n                        src=\"https:\/\/www.ergon-verlag.de\/wp-content\/uploads\/sites\/5\/2022\/05\/My-project-Kopie-Kopie-14-50x0-c-default.jpg\"\n                        srcset=\"                                                                                                                                https:\/\/www.ergon-verlag.de\/wp-content\/uploads\/sites\/5\/2022\/05\/My-project-Kopie-Kopie-14-412x0-c-default.jpg 412w\n                                                                            ,                                                                                                                                https:\/\/www.ergon-verlag.de\/wp-content\/uploads\/sites\/5\/2022\/05\/My-project-Kopie-Kopie-14-528x0-c-default.jpg 528w\n                                                                            ,                                                                                                                                https:\/\/www.ergon-verlag.de\/wp-content\/uploads\/sites\/5\/2022\/05\/My-project-Kopie-Kopie-14-980x0-c-default.jpg 980w\n                                                                                                                \"\n                        sizes=\"auto, (-webkit-min-device-pixel-ratio: 2) 50vw,\n                            (min-resolution: 192dpi) 50vw,\n                            (min-resolution: 2dppx) 50vw,\n                            (-webkit-min-device-pixel-ratio: 3) 33.33vw,\n                            (min-resolution: 288dpi) 33.33vw,\n                            (min-resolution: 3dppx) 33.33vw\"\n                        alt=\"\"\n                        \n                        width=\"412\"\n                        height=\"\"\n                    >\n                                        <\/picture>\n\n            <\/div>\n\n                    <\/div>\n    <\/section>\n\n\n<section class=\"content-faq\">\n    <div class=\"content-faq-item-list\">\n                    <article>\n                <div class=\"content-faq-item\">\n                    <h2 class=\"headline-5 js-accordion-headline\">\n                        Bibliotheca Academica &#8211; Literary Studies\n                    <\/h2>\n\n                    <div class=\"text wysiwyg\">\n                        <p><strong>Published by Ergon Verlag<\/strong><\/p>\n<p>The <em>Bibliotheca Academica &#8211; Literary Studies<\/em> series publishes studies on a wide range of literary historical issues.<\/p>\n<p><a href=\"https:\/\/www.nomos-shop.de\/wsrn\/B001201400\" target=\"_blank\" rel=\"noopener\">To the series<\/a><\/p>\n\n                    <\/div>\n                <\/div>\n            <\/article>\n                    <article>\n                <div class=\"content-faq-item\">\n                    <h2 class=\"headline-5 js-accordion-headline\">\n                        Classical Modernity\n                    <\/h2>\n\n                    <div class=\"text wysiwyg\">\n                        <p><strong>Edited by Achim Aurnhammer, Werner Frick, Dieter Martin, Mathias Mayer.<\/strong><\/p>\n<p>Files of the Arthur Schnitzler Archive of the University of Freiburg.<\/p>\n<p><a href=\"https:\/\/www.nomos-shop.de\/wsrn\/B001201700\" target=\"_blank\" rel=\"noopener\">To the series<\/a><\/p>\n\n                    <\/div>\n                <\/div>\n            <\/article>\n                    <article>\n                <div class=\"content-faq-item\">\n                    <h2 class=\"headline-5 js-accordion-headline\">\n                        Factual and Fictional Narrative Series of the Research Training Group 1767\n                    <\/h2>\n\n                    <div class=\"text wysiwyg\">\n                        <p><strong>Edited by Monika Fludernik<\/strong><\/p>\n<p>The object of investigation of the DFG Research Training Group 1767 is, on the one hand, factual narrative and, on the other hand, narrative that oscillates between fictionality and factuality. Thus, the topic of the Research Training Group stands out from the mass of narratological and philological research that primarily deals with fictional texts &#8211; i.e., novels, dramas and verse narratives.<\/p>\n<p>The RTG is concerned with the interplay of factuality and fictionality within a wide range of texts or text types as well as (audio-)visual and material media products. The aim is, on the one hand, to integrate research fields outside the philologies into narratological analysis, and on the other hand, to learn from dealing with factual narrative beyond narrative theory and to modify common narratological models regarding factual texts. The central theme of the interference between factuality and fictionality will be explored in an interdisciplinary network involving historiography, therapeutic psychology, and law, social sciences, and economics.<\/p>\n<p><a href=\"https:\/\/www.nomos-shop.de\/wsrn\/B001201500\" target=\"_blank\" rel=\"noopener\">To the series<\/a><\/p>\n\n                    <\/div>\n                <\/div>\n            <\/article>\n                    <article>\n                <div class=\"content-faq-item\">\n                    <h2 class=\"headline-5 js-accordion-headline\">\n                        German Literature\n                    <\/h2>\n\n                    <div class=\"text wysiwyg\">\n                        <p><strong>Edited by Ricarda Bauschke-Hartung, Henriette Herwig and Alexander Nebrig<\/strong><\/p>\n<p>The series <em>Germanistische Literaturwissenschaft<\/em> publishes research papers that philologically examine German-language poetry from the Middle Ages to the present, introduce it to current issues, and interpret and contextualize it by drawing on a variety of theoretical approaches. The focus is always on the text itself in its literary traditions, with its intertextual and intermedial references, and in the tension between its historical reference systems. The volumes presented offer in-depth readings of works and groups of works that are of interest to a broad readership. The series includes outstanding monographs in German studies, dissertations, and habilitation theses, as well as anthologies.<\/p>\n<p><a href=\"https:\/\/www.nomos-shop.de\/wsrn\/B001201600\" target=\"_blank\" rel=\"noopener\">To the series<\/a><\/p>\n\n                    <\/div>\n                <\/div>\n            <\/article>\n                    <article>\n                <div class=\"content-faq-item\">\n                    <h2 class=\"headline-5 js-accordion-headline\">\n                        Literary Practices in Scandinavia\n                    <\/h2>\n\n                    <div class=\"text wysiwyg\">\n                        <p><strong>Edited by Joachim Grage and Stephan Michael Schr\u00f6der<\/strong><\/p>\n<p>The series, which emerged from the DFG project of the same name, is dedicated to central themes and case studies around literary practices in Scandinavia in the period around 1900.<\/p>\n<p><a href=\"https:\/\/www.nomos-shop.de\/wsrn\/B001204200\" target=\"_blank\" rel=\"noopener\">To the series<\/a><\/p>\n\n                    <\/div>\n                <\/div>\n            <\/article>\n                    <article>\n                <div class=\"content-faq-item\">\n                    <h2 class=\"headline-5 js-accordion-headline\">\n                        Literatura Scientific Contributions to Literature and its Contexts\n                    <\/h2>\n\n                    <div class=\"text wysiwyg\">\n                        <p><strong>Edited by Andrea Bartl, Stephanie Catani, Stephan Kraft, Christine Lubkoll, Friedhelm Marx, Dirk Niefanger, Gabriela Paule and Gesine Lenore Schiewer<\/strong><\/p>\n<p>The <em>Literatura<\/em> series publishes contributions oriented towards literary and cultural studies that address German-language literature in its contexts and in its forms of presentation in the media. References to social, political, cultural, and intercultural dimensions are examined as well as the relationship between literature and the sciences, intermedial references to the arts (music, visual arts, theater, film, digital media), and the reflection of literature in educational contexts. The series offers a broad historical spectrum as well as comparative perspectives. It includes monographs, especially also qualification writings, as well as anthologies, documentations, and editions.<\/p>\n<p><a href=\"https:\/\/www.nomos-shop.de\/wsrn\/B001204300\" target=\"_blank\" rel=\"noopener\">To the series<\/a><\/p>\n\n                    <\/div>\n                <\/div>\n            <\/article>\n                    <article>\n                <div class=\"content-faq-item\">\n                    <h2 class=\"headline-5 js-accordion-headline\">\n                        Literature &#8211; Culture &#8211; Theory\n                    <\/h2>\n\n                    <div class=\"text wysiwyg\">\n                        <p><strong>Edited by Sabina Becker, Christoph Bode, Hans-Edwin Friedrich, Oliver Jahraus and Christoph Reinfandt<\/strong><\/p>\n<p>The series <em>Literature &#8211; Culture &#8211; Theory<\/em> presents new research approaches in the study of modern literature as well as reinterprets established theories.<\/p>\n<p><a href=\"https:\/\/www.nomos-shop.de\/wsrn\/B001201800\" target=\"_blank\" rel=\"noopener\">To the series<\/a><\/p>\n\n                    <\/div>\n                <\/div>\n            <\/article>\n                    <article>\n                <div class=\"content-faq-item\">\n                    <h2 class=\"headline-5 js-accordion-headline\">\n                        R\u00fcckert Studies\n                    <\/h2>\n\n                    <div class=\"text wysiwyg\">\n                        <p><strong>Edited by Hartmut Bobzin, Ralf Georg Czapla, York-Gothart Mix and Thomas Pittrof<\/strong><\/p>\n<p>The yearbooks of the R\u00fcckert-Gesellschaft Schweinfurt e. V. are published in the series R\u00fcckert-Studien. The books are devoted to key themes in the life work of Friedrich R\u00fcckert.<\/p>\n<p><a href=\"https:\/\/www.nomos-shop.de\/wsrn\/B001205000\" target=\"_blank\" rel=\"noopener\">To the series<\/a><\/p>\n\n                    <\/div>\n                <\/div>\n            <\/article>\n                    <article>\n                <div class=\"content-faq-item\">\n                    <h2 class=\"headline-5 js-accordion-headline\">\n                        R\u00fcckert zu Ehren | In honor of R\u00fcckert\n                    <\/h2>\n\n                    <div class=\"text wysiwyg\">\n                        <p><strong>Published by the R\u00fcckert-Gesellschaft e. V. Schweinfurt<\/strong><\/p>\n<p>The series <em>R\u00fcckert zu Ehren<\/em> reflects a multifaceted examination of the poet&#8217;s work. The various stages of his life and the works he wrote serve as inspiration for the discussion of overarching issues.<\/p>\n<p><a href=\"https:\/\/www.nomos-shop.de\/wsrn\/B001205300\" target=\"_blank\" rel=\"noopener\">To the series<\/a><\/p>\n\n                    <\/div>\n                <\/div>\n            <\/article>\n            <\/div>\n<\/section>\n\n\n<div class=\"section-columns \">\n    <section class=\"content-link-card\">\n        <div class=\"inner card-border-hover \">\n\n                            <h4>Monographs<\/h4>\n            \n            <div class=\"border-hover\"><\/div>\n            <div class=\"text-item\">\n\n                                    <p><p>You can find individual titles on the subject of literary studies in the Online Shop.<\/p>\n<\/p>\n                \n                                    <div class=\"link\">\n                        <a href=\"https:\/\/www.nomos-shop.de\/ergon\/geisteswissenschaften\/sprach-und-literaturwissenschaft\/id\/2223\/\"\n                           class=\"link-blue-square\"\n                           target=\"_blank\" rel=\"noopener\">\n                            View Online Shop\n                        <\/a>\n                    <\/div>\n                \n            <\/div>\n        <\/div>\n    <\/section>\n    <section class=\"content-link-card\">\n        <div class=\"inner card-border-hover \">\n\n                            <h4>Scientific Publishing<\/h4>\n            \n            <div class=\"border-hover\"><\/div>\n            <div class=\"text-item\">\n\n                                    <p><p>We will accompany you through the entire process from the initial manuscript to the finished book<\/p>\n<\/p>\n                \n                                    <div class=\"link\">\n                        <a href=\"\/en\/scientific-publishing\"\n                           class=\"link-blue-square\"\n                           target=\"\" rel=\"noopener\">\n                            Become an author now\n                        <\/a>\n                    <\/div>\n                \n            <\/div>\n        <\/div>\n    <\/section>\n<\/div>\n","protected":false},"excerpt":{"rendered":"","protected":false},"author":10,"featured_media":0,"parent":0,"menu_order":0,"comment_status":"closed","ping_status":"closed","template":"","meta":{"_acf_changed":false,"footnotes":""},"class_list":["post-2380","page","type-page","status-publish","hentry"],"acf":[],"yoast_head":"<!-- This site is optimized with the Yoast SEO Premium plugin v26.1 (Yoast SEO v26.2) - https:\/\/yoast.com\/wordpress\/plugins\/seo\/ -->\n<title>Literary Studies - Ergon Verlag<\/title>\n<meta name=\"description\" content=\"German literary studies as a renowned programme focus has accompanied Ergon Verlag since its beginnings\" \/>\n<meta name=\"robots\" content=\"index, follow, max-snippet:-1, max-image-preview:large, max-video-preview:-1\" \/>\n<link rel=\"canonical\" href=\"https:\/\/www.ergon-verlag.de\/en\/subject-area-literary-studies\/\" \/>\n<meta property=\"og:locale\" content=\"en_US\" \/>\n<meta property=\"og:type\" content=\"article\" \/>\n<meta property=\"og:title\" content=\"Subject area Literary Studies\" \/>\n<meta property=\"og:description\" content=\"German literary studies as a renowned programme focus has accompanied Ergon Verlag since its beginnings\" \/>\n<meta property=\"og:url\" content=\"https:\/\/www.ergon-verlag.de\/en\/subject-area-literary-studies\/\" \/>\n<meta property=\"og:site_name\" content=\"ergon Verlag\" \/>\n<meta property=\"article:modified_time\" content=\"2023-08-14T13:55:53+00:00\" \/>\n<meta property=\"og:image\" content=\"https:\/\/www.ergon-verlag.de\/wp-content\/uploads\/sites\/5\/2022\/05\/My-project-Kopie-Kopie-14.jpg\" \/>\n<meta name=\"twitter:card\" content=\"summary_large_image\" \/>\n<script type=\"application\/ld+json\" class=\"yoast-schema-graph\">{\"@context\":\"https:\/\/schema.org\",\"@graph\":[{\"@type\":\"WebPage\",\"@id\":\"https:\/\/www.ergon-verlag.de\/en\/subject-area-literary-studies\/\",\"url\":\"https:\/\/www.ergon-verlag.de\/en\/subject-area-literary-studies\/\",\"name\":\"Literary Studies - Ergon Verlag\",\"isPartOf\":{\"@id\":\"https:\/\/www.ergon-verlag.de\/en\/#website\"},\"datePublished\":\"2022-04-04T15:13:55+00:00\",\"dateModified\":\"2023-08-14T13:55:53+00:00\",\"description\":\"German literary studies as a renowned programme focus has accompanied Ergon Verlag since its beginnings\",\"breadcrumb\":{\"@id\":\"https:\/\/www.ergon-verlag.de\/en\/subject-area-literary-studies\/#breadcrumb\"},\"inLanguage\":\"en-US\",\"potentialAction\":[{\"@type\":\"ReadAction\",\"target\":[\"https:\/\/www.ergon-verlag.de\/en\/subject-area-literary-studies\/\"]}]},{\"@type\":\"BreadcrumbList\",\"@id\":\"https:\/\/www.ergon-verlag.de\/en\/subject-area-literary-studies\/#breadcrumb\",\"itemListElement\":[{\"@type\":\"ListItem\",\"position\":1,\"name\":\"Startseite\",\"item\":\"https:\/\/www.ergon-verlag.de\/en\/\"},{\"@type\":\"ListItem\",\"position\":2,\"name\":\"Subject area Literary Studies\"}]},{\"@type\":\"WebSite\",\"@id\":\"https:\/\/www.ergon-verlag.de\/en\/#website\",\"url\":\"https:\/\/www.ergon-verlag.de\/en\/\",\"name\":\"ergon Verlag\",\"description\":\"Eine weitere nomos.de Websites Website\",\"potentialAction\":[{\"@type\":\"SearchAction\",\"target\":{\"@type\":\"EntryPoint\",\"urlTemplate\":\"https:\/\/www.ergon-verlag.de\/en\/?s={search_term_string}\"},\"query-input\":{\"@type\":\"PropertyValueSpecification\",\"valueRequired\":true,\"valueName\":\"search_term_string\"}}],\"inLanguage\":\"en-US\"}]}<\/script>\n<!-- \/ Yoast SEO Premium plugin. -->","yoast_head_json":{"title":"Literary Studies - Ergon Verlag","description":"German literary studies as a renowned programme focus has accompanied Ergon Verlag since its beginnings","robots":{"index":"index","follow":"follow","max-snippet":"max-snippet:-1","max-image-preview":"max-image-preview:large","max-video-preview":"max-video-preview:-1"},"canonical":"https:\/\/www.ergon-verlag.de\/en\/subject-area-literary-studies\/","og_locale":"en_US","og_type":"article","og_title":"Subject area Literary Studies","og_description":"German literary studies as a renowned programme focus has accompanied Ergon Verlag since its beginnings","og_url":"https:\/\/www.ergon-verlag.de\/en\/subject-area-literary-studies\/","og_site_name":"ergon Verlag","article_modified_time":"2023-08-14T13:55:53+00:00","og_image":[{"url":"https:\/\/www.ergon-verlag.de\/wp-content\/uploads\/sites\/5\/2022\/05\/My-project-Kopie-Kopie-14.jpg","type":"","width":"","height":""}],"twitter_card":"summary_large_image","schema":{"@context":"https:\/\/schema.org","@graph":[{"@type":"WebPage","@id":"https:\/\/www.ergon-verlag.de\/en\/subject-area-literary-studies\/","url":"https:\/\/www.ergon-verlag.de\/en\/subject-area-literary-studies\/","name":"Literary Studies - Ergon Verlag","isPartOf":{"@id":"https:\/\/www.ergon-verlag.de\/en\/#website"},"datePublished":"2022-04-04T15:13:55+00:00","dateModified":"2023-08-14T13:55:53+00:00","description":"German literary studies as a renowned programme focus has accompanied Ergon Verlag since its beginnings","breadcrumb":{"@id":"https:\/\/www.ergon-verlag.de\/en\/subject-area-literary-studies\/#breadcrumb"},"inLanguage":"en-US","potentialAction":[{"@type":"ReadAction","target":["https:\/\/www.ergon-verlag.de\/en\/subject-area-literary-studies\/"]}]},{"@type":"BreadcrumbList","@id":"https:\/\/www.ergon-verlag.de\/en\/subject-area-literary-studies\/#breadcrumb","itemListElement":[{"@type":"ListItem","position":1,"name":"Startseite","item":"https:\/\/www.ergon-verlag.de\/en\/"},{"@type":"ListItem","position":2,"name":"Subject area Literary Studies"}]},{"@type":"WebSite","@id":"https:\/\/www.ergon-verlag.de\/en\/#website","url":"https:\/\/www.ergon-verlag.de\/en\/","name":"ergon Verlag","description":"Eine weitere nomos.de Websites Website","potentialAction":[{"@type":"SearchAction","target":{"@type":"EntryPoint","urlTemplate":"https:\/\/www.ergon-verlag.de\/en\/?s={search_term_string}"},"query-input":{"@type":"PropertyValueSpecification","valueRequired":true,"valueName":"search_term_string"}}],"inLanguage":"en-US"}]}},"_links":{"self":[{"href":"https:\/\/www.ergon-verlag.de\/en\/wp-json\/wp\/v2\/pages\/2380","targetHints":{"allow":["GET"]}}],"collection":[{"href":"https:\/\/www.ergon-verlag.de\/en\/wp-json\/wp\/v2\/pages"}],"about":[{"href":"https:\/\/www.ergon-verlag.de\/en\/wp-json\/wp\/v2\/types\/page"}],"author":[{"embeddable":true,"href":"https:\/\/www.ergon-verlag.de\/en\/wp-json\/wp\/v2\/users\/10"}],"replies":[{"embeddable":true,"href":"https:\/\/www.ergon-verlag.de\/en\/wp-json\/wp\/v2\/comments?post=2380"}],"version-history":[{"count":7,"href":"https:\/\/www.ergon-verlag.de\/en\/wp-json\/wp\/v2\/pages\/2380\/revisions"}],"predecessor-version":[{"id":3179,"href":"https:\/\/www.ergon-verlag.de\/en\/wp-json\/wp\/v2\/pages\/2380\/revisions\/3179"}],"wp:attachment":[{"href":"https:\/\/www.ergon-verlag.de\/en\/wp-json\/wp\/v2\/media?parent=2380"}],"curies":[{"name":"wp","href":"https:\/\/api.w.org\/{rel}","templated":true}]}}