{"id":2382,"date":"2022-04-08T09:17:56","date_gmt":"2022-04-08T07:17:56","guid":{"rendered":"https:\/\/www.ergon-verlag.de\/subject-area-music-studies\/"},"modified":"2026-03-20T11:30:03","modified_gmt":"2026-03-20T10:30:03","slug":"subject-area-music-studies","status":"publish","type":"page","link":"https:\/\/www.ergon-verlag.de\/en\/subject-area-music-studies\/","title":{"rendered":"Subject area Music Studies"},"content":{"rendered":"\n<section class=\"content-stage big-stage bottom-type-1 image-type-1 \">\n    <div class=\"text-item\">\n                    <h2 class=\"headline-3\">Subject area<\/h2>\n        \n                    <h3 class=\"headline-2 text-typing\"\n                data-text=\"Music Studies\">\n                            <\/h3>\n        \n                    <div class=\"wysiwyg\">\n                <div id=\"main-content\" class=\"wiki-content css-exk3kk e4p5jys0\" data-test-appearance=\"full-page\">\n<div class=\"ak-renderer-wrapper sc-bwzfXH bVXEpg\">\n<div class=\"sc-cqpYsc cZivVT\">\n<div class=\"ak-renderer-document\">\n<p data-renderer-start-pos=\"1\">The programme area of musicology at Ergon Verlag is primarily dedicated to the subject area of music aesthetics. Innovative research works are published that present music and its perception as cultural-historical phenomena and deal with its various manifestations in the context of social and historical processes. Sequi: Historical Performance Practice.<\/p>\n<\/div>\n<\/div>\n<\/div>\n<\/div>\n\n            <\/div>\n        \n        \n            <\/div>\n\n            <div class=\"image-item\">\n            \n            <div class=\"js-scroll-animations scroll-animations__image-wrapper \" data-scroll-animation-type=\"zoomImage\">\n                                    <picture class=\"content-block__image\">\n                                    \n                                                                                        \n                                                                    \n                                    <source\n                            type=\"image\/webp\"\n                            srcset=\"                                                                                                                                https:\/\/www.ergon-verlag.de\/wp-content\/uploads\/sites\/5\/2022\/05\/My-project-7-1056x0-c-default.webp 1056w\n                                                                                                                \"\n                            sizes=\"1056px\"\n                    >\n                                            \n                                                                                        \n                                                                    \n                                    <img decoding=\"async\"\n                                                    loading=\"lazy\"\n                                                decode=\"async\"\n                        src=\"https:\/\/www.ergon-verlag.de\/wp-content\/uploads\/sites\/5\/2022\/05\/My-project-7-50x0-c-default.jpg\"\n                        srcset=\"                                                                                                                                https:\/\/www.ergon-verlag.de\/wp-content\/uploads\/sites\/5\/2022\/05\/My-project-7-1056x0-c-default.jpg 1056w\n                                                                                                                \"\n                        sizes=\"auto, 1056px\"\n                        alt=\"\"\n                        \n                        width=\"1056\"\n                        height=\"\"\n                    >\n                                        <\/picture>\n\n            <\/div>\n\n            <div class=\"tablet-image\">\n                    <picture >\n                                    \n                                                                                        \n                                                                    \n                                    <source\n                            type=\"image\/webp\"\n                            srcset=\"                                                                                                                                https:\/\/www.ergon-verlag.de\/wp-content\/uploads\/sites\/5\/2022\/05\/My-project-7-412x0-c-default.webp 412w\n                                                                            ,                                                                                                                                https:\/\/www.ergon-verlag.de\/wp-content\/uploads\/sites\/5\/2022\/05\/My-project-7-528x0-c-default.webp 528w\n                                                                            ,                                                                                                                                https:\/\/www.ergon-verlag.de\/wp-content\/uploads\/sites\/5\/2022\/05\/My-project-7-980x0-c-default.webp 980w\n                                                                                                                \"\n                            sizes=\"(-webkit-min-device-pixel-ratio: 2) 50vw,\n                            (min-resolution: 192dpi) 50vw,\n                            (min-resolution: 2dppx) 50vw,\n                            (-webkit-min-device-pixel-ratio: 3) 33.33vw,\n                            (min-resolution: 288dpi) 33.33vw,\n                            (min-resolution: 3dppx) 33.33vw\"\n                    >\n                                            \n                                                                                        \n                                                                    \n                                    <img decoding=\"async\"\n                                                    loading=\"lazy\"\n                                                decode=\"async\"\n                        src=\"https:\/\/www.ergon-verlag.de\/wp-content\/uploads\/sites\/5\/2022\/05\/My-project-7-50x0-c-default.jpg\"\n                        srcset=\"                                                                                                                                https:\/\/www.ergon-verlag.de\/wp-content\/uploads\/sites\/5\/2022\/05\/My-project-7-412x0-c-default.jpg 412w\n                                                                            ,                                                                                                                                https:\/\/www.ergon-verlag.de\/wp-content\/uploads\/sites\/5\/2022\/05\/My-project-7-528x0-c-default.jpg 528w\n                                                                            ,                                                                                                                                https:\/\/www.ergon-verlag.de\/wp-content\/uploads\/sites\/5\/2022\/05\/My-project-7-980x0-c-default.jpg 980w\n                                                                                                                \"\n                        sizes=\"auto, (-webkit-min-device-pixel-ratio: 2) 50vw,\n                            (min-resolution: 192dpi) 50vw,\n                            (min-resolution: 2dppx) 50vw,\n                            (-webkit-min-device-pixel-ratio: 3) 33.33vw,\n                            (min-resolution: 288dpi) 33.33vw,\n                            (min-resolution: 3dppx) 33.33vw\"\n                        alt=\"\"\n                        \n                        width=\"412\"\n                        height=\"\"\n                    >\n                                        <\/picture>\n\n            <\/div>\n\n                    <\/div>\n    <\/section>\n\n\n<section class=\"content-faq\">\n    <div class=\"content-faq-item-list\">\n                    <article>\n                <div class=\"content-faq-item\">\n                    <h2 class=\"headline-5 js-accordion-headline\">\n                        Musica Aesthetica\n                    <\/h2>\n\n                    <div class=\"text wysiwyg\">\n                        <p>In the publications of the series <em>Musica Aesthetica<\/em>, musical and music-historical phenomena are examined from inter- or transdisciplinary perspectives. The focus is not exclusively on one instrument, one composition, one genre, or one type of performance practice; rather, the overarching cultural-historical, social, political, and cultic contexts are also considered. The insights thus gained aim at a re-evaluation of the respective object under investigation and should not only have theoretical value in the musicological sense but should also be able to gain significance for a differentiated approach to artistic interpretation. In the foreground, therefore, is always the interaction of theory and practice of music regarding an aesthetic immanent to the respective work of art or art form and its processuality in the change of contemporary historical circumstances. The results obtained from objective facts and their analysis claim equal relevance for the scientific and for the musical events of the present. The publications of this series are addressed to scholars, performers and interested music lovers.<\/p>\n<p><a href=\"https:\/\/www.nomos-shop.de\/wsrn\/B001205600\" target=\"_blank\" rel=\"noopener\">To the series<\/a><\/p>\n\n                    <\/div>\n                <\/div>\n            <\/article>\n                    <article>\n                <div class=\"content-faq-item\">\n                    <h2 class=\"headline-5 js-accordion-headline\">\n                        Musikforschung der Hochschule der K\u00fcnste Bern\n                    <\/h2>\n\n                    <div class=\"text wysiwyg\">\n                        <p><strong>Edited by Martin Skamletz, Thomas Gartmann and Daniel Allenbach<\/strong><\/p>\n<p>Diese Schriftenreihe dokumentiert die Aktivit\u00e4ten im Bereich der Musikforschung am Institut Interpretation der Hochschule der K\u00fcnste Bern und spiegelt ihre gro\u00dfe thematische Vielfalt wider. Die Untersuchungsgegenst\u00e4nde reichen von Streichinstrumenten des Mittelalters bis zum zeitgen\u00f6ssischen Musiktheater, mit einem Schwerpunkt auf Interpretationsfragen in Musik und Theater des 19. Jahrhunderts. Die Besch\u00e4ftigung mit historischen Blasinstrumenten bildet ebenso einen wiederkehrenden Fokus wie musiktheoretische Fragestellungen. Meist ausgehend von an der Hochschule angesiedelten Drittmittelprojekten und den aus diesen resultierenden Symposien erscheinen in der Reihe thematisch kuratierte Sammelb\u00e4nde, die die Erkenntnisse der an den Projekten beteiligten Forschenden im Dialog mit Beitr\u00e4gen von internationalen Expertinnen und Experten pr\u00e4sentieren.<\/p>\n<p><a href=\"https:\/\/www.nomos-shop.de\/en\/series\/series\/view\/id\/B001207700\/\" target=\"_blank\" rel=\"noopener\">To the series<\/a><\/p>\n\n                    <\/div>\n                <\/div>\n            <\/article>\n            <\/div>\n<\/section>\n\n\n<div class=\"section-columns \">\n    <section class=\"content-link-card\">\n        <div class=\"inner card-border-hover \">\n\n                            <h4>Monographs<\/h4>\n            \n            <div class=\"border-hover\"><\/div>\n            <div class=\"text-item\">\n\n                                    <p><p>You can find individual titles on the subject of music studies in the Online Shop.<\/p>\n<\/p>\n                \n                                    <div class=\"link\">\n                        <a href=\"https:\/\/www.nomos-shop.de\/ergon\/titel\/die-kompositionsskizze-zu-richard-wagners-die-walkuere-id-86587\/\"\n                           class=\"link-blue-square\"\n                           target=\"_blank\" rel=\"noopener\">\n                            View Online Shop\n                        <\/a>\n                    <\/div>\n                \n            <\/div>\n        <\/div>\n    <\/section>\n    <section class=\"content-link-card\">\n        <div class=\"inner card-border-hover \">\n\n                            <h4>Scientific Publishing<\/h4>\n            \n            <div class=\"border-hover\"><\/div>\n            <div class=\"text-item\">\n\n                                    <p><p>We will accompany you through the entire process from the initial manuscript to the finished book<\/p>\n<\/p>\n                \n                                    <div class=\"link\">\n                        <a href=\"\/en\/scientific-publishing\"\n                           class=\"link-blue-square\"\n                           target=\"\" rel=\"noopener\">\n                            Become an author now\n                        <\/a>\n                    <\/div>\n                \n            <\/div>\n        <\/div>\n    <\/section>\n<\/div>\n","protected":false},"excerpt":{"rendered":"","protected":false},"author":10,"featured_media":0,"parent":0,"menu_order":0,"comment_status":"closed","ping_status":"closed","template":"","meta":{"_acf_changed":false,"footnotes":""},"class_list":["post-2382","page","type-page","status-publish","hentry"],"acf":[],"yoast_head":"<!-- This site is optimized with the Yoast SEO Premium plugin v26.1 (Yoast SEO v26.2) - https:\/\/yoast.com\/wordpress\/plugins\/seo\/ -->\n<title>Music Studies - Ergon Verlag<\/title>\n<meta name=\"description\" content=\"The musicology programme area at Ergon Verlag is predominantly dedicated to the subject area of music aesthetics.\" \/>\n<meta name=\"robots\" content=\"index, follow, max-snippet:-1, max-image-preview:large, max-video-preview:-1\" \/>\n<link rel=\"canonical\" href=\"https:\/\/www.ergon-verlag.de\/en\/subject-area-music-studies\/\" \/>\n<meta property=\"og:locale\" content=\"en_US\" \/>\n<meta property=\"og:type\" content=\"article\" \/>\n<meta property=\"og:title\" content=\"Subject area Music Studies\" \/>\n<meta property=\"og:description\" content=\"The musicology programme area at Ergon Verlag is predominantly dedicated to the subject area of music aesthetics.\" \/>\n<meta property=\"og:url\" content=\"https:\/\/www.ergon-verlag.de\/en\/subject-area-music-studies\/\" \/>\n<meta property=\"og:site_name\" content=\"ergon Verlag\" \/>\n<meta property=\"article:modified_time\" content=\"2026-03-20T10:30:03+00:00\" \/>\n<meta property=\"og:image\" content=\"https:\/\/www.ergon-verlag.de\/wp-content\/uploads\/sites\/5\/2022\/05\/My-project-7.jpg\" \/>\n<meta name=\"twitter:card\" content=\"summary_large_image\" \/>\n<meta name=\"twitter:label1\" content=\"Est. reading time\" \/>\n\t<meta name=\"twitter:data1\" content=\"3 minutes\" \/>\n<script type=\"application\/ld+json\" class=\"yoast-schema-graph\">{\"@context\":\"https:\/\/schema.org\",\"@graph\":[{\"@type\":\"WebPage\",\"@id\":\"https:\/\/www.ergon-verlag.de\/en\/subject-area-music-studies\/\",\"url\":\"https:\/\/www.ergon-verlag.de\/en\/subject-area-music-studies\/\",\"name\":\"Music Studies - Ergon Verlag\",\"isPartOf\":{\"@id\":\"https:\/\/www.ergon-verlag.de\/en\/#website\"},\"datePublished\":\"2022-04-08T07:17:56+00:00\",\"dateModified\":\"2026-03-20T10:30:03+00:00\",\"description\":\"The musicology programme area at Ergon Verlag is predominantly dedicated to the subject area of music aesthetics.\",\"breadcrumb\":{\"@id\":\"https:\/\/www.ergon-verlag.de\/en\/subject-area-music-studies\/#breadcrumb\"},\"inLanguage\":\"en-US\",\"potentialAction\":[{\"@type\":\"ReadAction\",\"target\":[\"https:\/\/www.ergon-verlag.de\/en\/subject-area-music-studies\/\"]}]},{\"@type\":\"BreadcrumbList\",\"@id\":\"https:\/\/www.ergon-verlag.de\/en\/subject-area-music-studies\/#breadcrumb\",\"itemListElement\":[{\"@type\":\"ListItem\",\"position\":1,\"name\":\"Startseite\",\"item\":\"https:\/\/www.ergon-verlag.de\/en\/\"},{\"@type\":\"ListItem\",\"position\":2,\"name\":\"Subject area Music Studies\"}]},{\"@type\":\"WebSite\",\"@id\":\"https:\/\/www.ergon-verlag.de\/en\/#website\",\"url\":\"https:\/\/www.ergon-verlag.de\/en\/\",\"name\":\"ergon Verlag\",\"description\":\"Eine weitere nomos.de Websites Website\",\"potentialAction\":[{\"@type\":\"SearchAction\",\"target\":{\"@type\":\"EntryPoint\",\"urlTemplate\":\"https:\/\/www.ergon-verlag.de\/en\/?s={search_term_string}\"},\"query-input\":{\"@type\":\"PropertyValueSpecification\",\"valueRequired\":true,\"valueName\":\"search_term_string\"}}],\"inLanguage\":\"en-US\"}]}<\/script>\n<!-- \/ Yoast SEO Premium plugin. -->","yoast_head_json":{"title":"Music Studies - Ergon Verlag","description":"The musicology programme area at Ergon Verlag is predominantly dedicated to the subject area of music aesthetics.","robots":{"index":"index","follow":"follow","max-snippet":"max-snippet:-1","max-image-preview":"max-image-preview:large","max-video-preview":"max-video-preview:-1"},"canonical":"https:\/\/www.ergon-verlag.de\/en\/subject-area-music-studies\/","og_locale":"en_US","og_type":"article","og_title":"Subject area Music Studies","og_description":"The musicology programme area at Ergon Verlag is predominantly dedicated to the subject area of music aesthetics.","og_url":"https:\/\/www.ergon-verlag.de\/en\/subject-area-music-studies\/","og_site_name":"ergon Verlag","article_modified_time":"2026-03-20T10:30:03+00:00","og_image":[{"url":"https:\/\/www.ergon-verlag.de\/wp-content\/uploads\/sites\/5\/2022\/05\/My-project-7.jpg","type":"","width":"","height":""}],"twitter_card":"summary_large_image","twitter_misc":{"Est. reading time":"3 minutes"},"schema":{"@context":"https:\/\/schema.org","@graph":[{"@type":"WebPage","@id":"https:\/\/www.ergon-verlag.de\/en\/subject-area-music-studies\/","url":"https:\/\/www.ergon-verlag.de\/en\/subject-area-music-studies\/","name":"Music Studies - Ergon Verlag","isPartOf":{"@id":"https:\/\/www.ergon-verlag.de\/en\/#website"},"datePublished":"2022-04-08T07:17:56+00:00","dateModified":"2026-03-20T10:30:03+00:00","description":"The musicology programme area at Ergon Verlag is predominantly dedicated to the subject area of music aesthetics.","breadcrumb":{"@id":"https:\/\/www.ergon-verlag.de\/en\/subject-area-music-studies\/#breadcrumb"},"inLanguage":"en-US","potentialAction":[{"@type":"ReadAction","target":["https:\/\/www.ergon-verlag.de\/en\/subject-area-music-studies\/"]}]},{"@type":"BreadcrumbList","@id":"https:\/\/www.ergon-verlag.de\/en\/subject-area-music-studies\/#breadcrumb","itemListElement":[{"@type":"ListItem","position":1,"name":"Startseite","item":"https:\/\/www.ergon-verlag.de\/en\/"},{"@type":"ListItem","position":2,"name":"Subject area Music Studies"}]},{"@type":"WebSite","@id":"https:\/\/www.ergon-verlag.de\/en\/#website","url":"https:\/\/www.ergon-verlag.de\/en\/","name":"ergon Verlag","description":"Eine weitere nomos.de Websites Website","potentialAction":[{"@type":"SearchAction","target":{"@type":"EntryPoint","urlTemplate":"https:\/\/www.ergon-verlag.de\/en\/?s={search_term_string}"},"query-input":{"@type":"PropertyValueSpecification","valueRequired":true,"valueName":"search_term_string"}}],"inLanguage":"en-US"}]}},"_links":{"self":[{"href":"https:\/\/www.ergon-verlag.de\/en\/wp-json\/wp\/v2\/pages\/2382","targetHints":{"allow":["GET"]}}],"collection":[{"href":"https:\/\/www.ergon-verlag.de\/en\/wp-json\/wp\/v2\/pages"}],"about":[{"href":"https:\/\/www.ergon-verlag.de\/en\/wp-json\/wp\/v2\/types\/page"}],"author":[{"embeddable":true,"href":"https:\/\/www.ergon-verlag.de\/en\/wp-json\/wp\/v2\/users\/10"}],"replies":[{"embeddable":true,"href":"https:\/\/www.ergon-verlag.de\/en\/wp-json\/wp\/v2\/comments?post=2382"}],"version-history":[{"count":7,"href":"https:\/\/www.ergon-verlag.de\/en\/wp-json\/wp\/v2\/pages\/2382\/revisions"}],"predecessor-version":[{"id":4471,"href":"https:\/\/www.ergon-verlag.de\/en\/wp-json\/wp\/v2\/pages\/2382\/revisions\/4471"}],"wp:attachment":[{"href":"https:\/\/www.ergon-verlag.de\/en\/wp-json\/wp\/v2\/media?parent=2382"}],"curies":[{"name":"wp","href":"https:\/\/api.w.org\/{rel}","templated":true}]}}