{"id":2388,"date":"2022-04-08T09:18:41","date_gmt":"2022-04-08T07:18:41","guid":{"rendered":"https:\/\/www.ergon-verlag.de\/subject-area-philosophy\/"},"modified":"2024-06-24T08:31:58","modified_gmt":"2024-06-24T06:31:58","slug":"subject-area-philosophy","status":"publish","type":"page","link":"https:\/\/www.ergon-verlag.de\/en\/subject-area-philosophy\/","title":{"rendered":"Subject area Philosophy"},"content":{"rendered":"\n<section class=\"content-stage big-stage bottom-type-1 image-type-1 \">\n    <div class=\"text-item\">\n                    <h2 class=\"headline-3\">Subject area<\/h2>\n        \n                    <h3 class=\"headline-2 text-typing\"\n                data-text=\"Philosophy\">\n                            <\/h3>\n        \n                    <div class=\"wysiwyg\">\n                <div id=\"main-content\" class=\"wiki-content css-exk3kk e4p5jys0\" data-test-appearance=\"full-page\">\n<div class=\"ak-renderer-wrapper sc-bwzfXH bVXEpg\">\n<div class=\"sc-cqpYsc cZivVT\">\n<div class=\"ak-renderer-document\">\n<p data-renderer-start-pos=\"1\">In the programme area of philosophy, a traditional focus is on the research field of phenomenology, represented by chairs at the universities of Freiburg and Munich. More recently, anthopology and cultural philosophy have been added, expanding the range of content by two topics increasingly present in current academic discourse. In addition, the portfolio is open to philosophical studies of different topics and orientations.<\/p>\n<\/div>\n<\/div>\n<\/div>\n<\/div>\n\n            <\/div>\n        \n        \n            <\/div>\n\n            <div class=\"image-item\">\n            \n            <div class=\"js-scroll-animations scroll-animations__image-wrapper \" data-scroll-animation-type=\"zoomImage\">\n                                    <picture class=\"content-block__image\">\n                                    \n                                                                                        \n                                                                    \n                                    <source\n                            type=\"image\/webp\"\n                            srcset=\"                                                                                                                                https:\/\/www.ergon-verlag.de\/wp-content\/uploads\/sites\/5\/2022\/05\/Philosophie_fb-1-1056x0-c-default.webp 1056w\n                                                                                                                \"\n                            sizes=\"1056px\"\n                    >\n                                            \n                                                                                        \n                                                                    \n                                    <img decoding=\"async\"\n                                                    loading=\"lazy\"\n                                                decode=\"async\"\n                        src=\"https:\/\/www.ergon-verlag.de\/wp-content\/uploads\/sites\/5\/2022\/05\/Philosophie_fb-1-50x0-c-default.jpg\"\n                        srcset=\"                                                                                                                                https:\/\/www.ergon-verlag.de\/wp-content\/uploads\/sites\/5\/2022\/05\/Philosophie_fb-1-1056x0-c-default.jpg 1056w\n                                                                                                                \"\n                        sizes=\"auto, 1056px\"\n                        alt=\"\"\n                        \n                        width=\"1056\"\n                        height=\"\"\n                    >\n                                        <\/picture>\n\n            <\/div>\n\n            <div class=\"tablet-image\">\n                    <picture >\n                                    \n                                                                                        \n                                                                    \n                                    <source\n                            type=\"image\/webp\"\n                            srcset=\"                                                                                                                                https:\/\/www.ergon-verlag.de\/wp-content\/uploads\/sites\/5\/2022\/05\/Philosophie_fb-1-412x0-c-default.webp 412w\n                                                                            ,                                                                                                                                https:\/\/www.ergon-verlag.de\/wp-content\/uploads\/sites\/5\/2022\/05\/Philosophie_fb-1-528x0-c-default.webp 528w\n                                                                            ,                                                                                                                                https:\/\/www.ergon-verlag.de\/wp-content\/uploads\/sites\/5\/2022\/05\/Philosophie_fb-1-980x0-c-default.webp 980w\n                                                                                                                \"\n                            sizes=\"(-webkit-min-device-pixel-ratio: 2) 50vw,\n                            (min-resolution: 192dpi) 50vw,\n                            (min-resolution: 2dppx) 50vw,\n                            (-webkit-min-device-pixel-ratio: 3) 33.33vw,\n                            (min-resolution: 288dpi) 33.33vw,\n                            (min-resolution: 3dppx) 33.33vw\"\n                    >\n                                            \n                                                                                        \n                                                                    \n                                    <img decoding=\"async\"\n                                                    loading=\"lazy\"\n                                                decode=\"async\"\n                        src=\"https:\/\/www.ergon-verlag.de\/wp-content\/uploads\/sites\/5\/2022\/05\/Philosophie_fb-1-50x0-c-default.jpg\"\n                        srcset=\"                                                                                                                                https:\/\/www.ergon-verlag.de\/wp-content\/uploads\/sites\/5\/2022\/05\/Philosophie_fb-1-412x0-c-default.jpg 412w\n                                                                            ,                                                                                                                                https:\/\/www.ergon-verlag.de\/wp-content\/uploads\/sites\/5\/2022\/05\/Philosophie_fb-1-528x0-c-default.jpg 528w\n                                                                            ,                                                                                                                                https:\/\/www.ergon-verlag.de\/wp-content\/uploads\/sites\/5\/2022\/05\/Philosophie_fb-1-980x0-c-default.jpg 980w\n                                                                                                                \"\n                        sizes=\"auto, (-webkit-min-device-pixel-ratio: 2) 50vw,\n                            (min-resolution: 192dpi) 50vw,\n                            (min-resolution: 2dppx) 50vw,\n                            (-webkit-min-device-pixel-ratio: 3) 33.33vw,\n                            (min-resolution: 288dpi) 33.33vw,\n                            (min-resolution: 3dppx) 33.33vw\"\n                        alt=\"\"\n                        \n                        width=\"412\"\n                        height=\"\"\n                    >\n                                        <\/picture>\n\n            <\/div>\n\n                    <\/div>\n    <\/section>\n\n\n<section class=\"content-faq\">\n    <div class=\"content-faq-item-list\">\n                    <article>\n                <div class=\"content-faq-item\">\n                    <h2 class=\"headline-5 js-accordion-headline\">\n                        Bibliotheca Academica &#8211; Philosophy\n                    <\/h2>\n\n                    <div class=\"text wysiwyg\">\n                        <p><strong>Published by Ergon Verlag<\/strong><\/p>\n<p>In the house series <em>Bibliotheca Academica &#8211; Philosophy<\/em> monographs and anthologies from different subfields of philosophy are published.<\/p>\n<p><a href=\"https:\/\/www.nomos-shop.de\/wsrn\/B001200700\" target=\"_blank\" rel=\"noopener\">To the series<\/a><\/p>\n\n                    <\/div>\n                <\/div>\n            <\/article>\n                    <article>\n                <div class=\"content-faq-item\">\n                    <h2 class=\"headline-5 js-accordion-headline\">\n                        Studies in Anthropology and Philosophy of Culture\n                    <\/h2>\n\n                    <div class=\"text wysiwyg\">\n                        <p><strong>Edited by Tim-Florian Steinbach and Annika Hand<\/strong><\/p>\n<p><strong>Scientific Advisory Board: Stefano Bancalari, Thomas Ebke, Annette Hilt, Christina Kast, Hans-Peter Kr\u00fcger, Hans Schelkshorn, Matthias Wunsch<\/strong><\/p>\n<p>The series <em>Studies in Anthropology and Philosophy of Culture<\/em> links two fields of research, each of which claims to be independent and autonomous and yet at the same time are in productive exchange with one another: on the one hand, anthropology, and the question of what makes human beings human; on the other hand, philosophy of culture and the question of how human creativity is realized in the form of culture. Both fields of research are essentially determined by phenomenological and hermeneutic approaches. Anthropology and philosophy of culture, phenomenology and hermeneutics go hand in hand, cross-fertilize each other, and a clear demarcation does not always seem possible, if even desirable. The new series would like to offer an open forum to the fields of anthropology and cultural philosophy with their interactions, to open their richness, diversity of interpretation and meaning.<\/p>\n<p><a href=\"https:\/\/www.nomos-shop.de\/wsrn\/B001201000\" target=\"_blank\" rel=\"noopener\">To the series<\/a><\/p>\n\n                    <\/div>\n                <\/div>\n            <\/article>\n                    <article>\n                <div class=\"content-faq-item\">\n                    <h2 class=\"headline-5 js-accordion-headline\">\n                        Studies in Phenomenology and Practical Philosophy\n                    <\/h2>\n\n                    <div class=\"text wysiwyg\">\n                        <p><strong>Edited by Christian Bermes, Hans-Helmuth Gander, Lore H\u00fchn and G\u00fcnter Z\u00f6ller<\/strong><\/p>\n<p>Studies in Phenomenology and Practical Philosophy publishes historically and systematically oriented philosophical monographs and collections of essays that are committed to the practical, concrete, life-related dimension of philosophy in the past and present. Works on authors and topics of classical German philosophy &#8211; especially that of German Idealism &#8211; and phenomenologically inspired contemporary philosophy are represented as well as studies on questions in the field of moral philosophy, applied ethics, political philosophy, aesthetics, and hermeneutics.<\/p>\n<p><a href=\"https:\/\/www.nomos-shop.de\/wsrn\/B001200900\" target=\"_blank\" rel=\"noopener\">To the series<\/a><\/p>\n\n                    <\/div>\n                <\/div>\n            <\/article>\n            <\/div>\n<\/section>\n\n\n<div class=\"section-columns \">\n    <section class=\"content-link-card\">\n        <div class=\"inner card-border-hover \">\n\n                            <h4>Monographs<\/h4>\n            \n            <div class=\"border-hover\"><\/div>\n            <div class=\"text-item\">\n\n                                    <p><p>You can find individual titles on the subject of philosophy in the Online Shop.<\/p>\n<\/p>\n                \n                                    <div class=\"link\">\n                        <a href=\"https:\/\/www.nomos-shop.de\/ergon\/geisteswissenschaften\/philosophie\/id\/2220\/\"\n                           class=\"link-blue-square\"\n                           target=\"_blank\" rel=\"noopener\">\n                            View Online Shop\n                        <\/a>\n                    <\/div>\n                \n            <\/div>\n        <\/div>\n    <\/section>\n    <section class=\"content-link-card\">\n        <div class=\"inner card-border-hover \">\n\n                            <h4>Scientific Publishing<\/h4>\n            \n            <div class=\"border-hover\"><\/div>\n            <div class=\"text-item\">\n\n                                    <p><p>We will accompany you through the entire process from the initial manuscript to the finished book<\/p>\n<\/p>\n                \n                                    <div class=\"link\">\n                        <a href=\"\/en\/scientific-publishing\/\"\n                           class=\"link-blue-square\"\n                           target=\"\" rel=\"noopener\">\n                            Become an author now\n                        <\/a>\n                    <\/div>\n                \n            <\/div>\n        <\/div>\n    <\/section>\n<\/div>\n","protected":false},"excerpt":{"rendered":"","protected":false},"author":10,"featured_media":0,"parent":0,"menu_order":0,"comment_status":"closed","ping_status":"closed","template":"","meta":{"_acf_changed":false,"footnotes":""},"class_list":["post-2388","page","type-page","status-publish","hentry"],"acf":[],"yoast_head":"<!-- This site is optimized with the Yoast SEO Premium plugin v26.1 (Yoast SEO v26.2) - https:\/\/yoast.com\/wordpress\/plugins\/seo\/ -->\n<title>Philosophy - Ergon Verlag<\/title>\n<meta name=\"description\" content=\"In the programme area of philosophy, a traditional focus is on the research field of phenomenology\" \/>\n<meta name=\"robots\" content=\"index, follow, max-snippet:-1, max-image-preview:large, max-video-preview:-1\" \/>\n<link rel=\"canonical\" href=\"https:\/\/www.ergon-verlag.de\/en\/subject-area-philosophy\/\" \/>\n<meta property=\"og:locale\" content=\"en_US\" \/>\n<meta property=\"og:type\" content=\"article\" \/>\n<meta property=\"og:title\" content=\"Subject area Philosophy\" \/>\n<meta property=\"og:description\" content=\"In the programme area of philosophy, a traditional focus is on the research field of phenomenology\" \/>\n<meta property=\"og:url\" content=\"https:\/\/www.ergon-verlag.de\/en\/subject-area-philosophy\/\" \/>\n<meta property=\"og:site_name\" content=\"ergon Verlag\" \/>\n<meta property=\"article:modified_time\" content=\"2024-06-24T06:31:58+00:00\" \/>\n<meta property=\"og:image\" content=\"https:\/\/www.ergon-verlag.de\/wp-content\/uploads\/sites\/5\/2022\/05\/Philosophie_fb-1.jpg\" \/>\n<meta name=\"twitter:card\" content=\"summary_large_image\" \/>\n<script type=\"application\/ld+json\" class=\"yoast-schema-graph\">{\"@context\":\"https:\/\/schema.org\",\"@graph\":[{\"@type\":\"WebPage\",\"@id\":\"https:\/\/www.ergon-verlag.de\/en\/subject-area-philosophy\/\",\"url\":\"https:\/\/www.ergon-verlag.de\/en\/subject-area-philosophy\/\",\"name\":\"Philosophy - Ergon Verlag\",\"isPartOf\":{\"@id\":\"https:\/\/www.ergon-verlag.de\/en\/#website\"},\"datePublished\":\"2022-04-08T07:18:41+00:00\",\"dateModified\":\"2024-06-24T06:31:58+00:00\",\"description\":\"In the programme area of philosophy, a traditional focus is on the research field of phenomenology\",\"breadcrumb\":{\"@id\":\"https:\/\/www.ergon-verlag.de\/en\/subject-area-philosophy\/#breadcrumb\"},\"inLanguage\":\"en-US\",\"potentialAction\":[{\"@type\":\"ReadAction\",\"target\":[\"https:\/\/www.ergon-verlag.de\/en\/subject-area-philosophy\/\"]}]},{\"@type\":\"BreadcrumbList\",\"@id\":\"https:\/\/www.ergon-verlag.de\/en\/subject-area-philosophy\/#breadcrumb\",\"itemListElement\":[{\"@type\":\"ListItem\",\"position\":1,\"name\":\"Startseite\",\"item\":\"https:\/\/www.ergon-verlag.de\/en\/\"},{\"@type\":\"ListItem\",\"position\":2,\"name\":\"Subject area Philosophy\"}]},{\"@type\":\"WebSite\",\"@id\":\"https:\/\/www.ergon-verlag.de\/en\/#website\",\"url\":\"https:\/\/www.ergon-verlag.de\/en\/\",\"name\":\"ergon Verlag\",\"description\":\"Eine weitere nomos.de Websites Website\",\"potentialAction\":[{\"@type\":\"SearchAction\",\"target\":{\"@type\":\"EntryPoint\",\"urlTemplate\":\"https:\/\/www.ergon-verlag.de\/en\/?s={search_term_string}\"},\"query-input\":{\"@type\":\"PropertyValueSpecification\",\"valueRequired\":true,\"valueName\":\"search_term_string\"}}],\"inLanguage\":\"en-US\"}]}<\/script>\n<!-- \/ Yoast SEO Premium plugin. -->","yoast_head_json":{"title":"Philosophy - Ergon Verlag","description":"In the programme area of philosophy, a traditional focus is on the research field of phenomenology","robots":{"index":"index","follow":"follow","max-snippet":"max-snippet:-1","max-image-preview":"max-image-preview:large","max-video-preview":"max-video-preview:-1"},"canonical":"https:\/\/www.ergon-verlag.de\/en\/subject-area-philosophy\/","og_locale":"en_US","og_type":"article","og_title":"Subject area Philosophy","og_description":"In the programme area of philosophy, a traditional focus is on the research field of phenomenology","og_url":"https:\/\/www.ergon-verlag.de\/en\/subject-area-philosophy\/","og_site_name":"ergon Verlag","article_modified_time":"2024-06-24T06:31:58+00:00","og_image":[{"url":"https:\/\/www.ergon-verlag.de\/wp-content\/uploads\/sites\/5\/2022\/05\/Philosophie_fb-1.jpg","type":"","width":"","height":""}],"twitter_card":"summary_large_image","schema":{"@context":"https:\/\/schema.org","@graph":[{"@type":"WebPage","@id":"https:\/\/www.ergon-verlag.de\/en\/subject-area-philosophy\/","url":"https:\/\/www.ergon-verlag.de\/en\/subject-area-philosophy\/","name":"Philosophy - Ergon Verlag","isPartOf":{"@id":"https:\/\/www.ergon-verlag.de\/en\/#website"},"datePublished":"2022-04-08T07:18:41+00:00","dateModified":"2024-06-24T06:31:58+00:00","description":"In the programme area of philosophy, a traditional focus is on the research field of phenomenology","breadcrumb":{"@id":"https:\/\/www.ergon-verlag.de\/en\/subject-area-philosophy\/#breadcrumb"},"inLanguage":"en-US","potentialAction":[{"@type":"ReadAction","target":["https:\/\/www.ergon-verlag.de\/en\/subject-area-philosophy\/"]}]},{"@type":"BreadcrumbList","@id":"https:\/\/www.ergon-verlag.de\/en\/subject-area-philosophy\/#breadcrumb","itemListElement":[{"@type":"ListItem","position":1,"name":"Startseite","item":"https:\/\/www.ergon-verlag.de\/en\/"},{"@type":"ListItem","position":2,"name":"Subject area Philosophy"}]},{"@type":"WebSite","@id":"https:\/\/www.ergon-verlag.de\/en\/#website","url":"https:\/\/www.ergon-verlag.de\/en\/","name":"ergon Verlag","description":"Eine weitere nomos.de Websites Website","potentialAction":[{"@type":"SearchAction","target":{"@type":"EntryPoint","urlTemplate":"https:\/\/www.ergon-verlag.de\/en\/?s={search_term_string}"},"query-input":{"@type":"PropertyValueSpecification","valueRequired":true,"valueName":"search_term_string"}}],"inLanguage":"en-US"}]}},"_links":{"self":[{"href":"https:\/\/www.ergon-verlag.de\/en\/wp-json\/wp\/v2\/pages\/2388","targetHints":{"allow":["GET"]}}],"collection":[{"href":"https:\/\/www.ergon-verlag.de\/en\/wp-json\/wp\/v2\/pages"}],"about":[{"href":"https:\/\/www.ergon-verlag.de\/en\/wp-json\/wp\/v2\/types\/page"}],"author":[{"embeddable":true,"href":"https:\/\/www.ergon-verlag.de\/en\/wp-json\/wp\/v2\/users\/10"}],"replies":[{"embeddable":true,"href":"https:\/\/www.ergon-verlag.de\/en\/wp-json\/wp\/v2\/comments?post=2388"}],"version-history":[{"count":13,"href":"https:\/\/www.ergon-verlag.de\/en\/wp-json\/wp\/v2\/pages\/2388\/revisions"}],"predecessor-version":[{"id":3387,"href":"https:\/\/www.ergon-verlag.de\/en\/wp-json\/wp\/v2\/pages\/2388\/revisions\/3387"}],"wp:attachment":[{"href":"https:\/\/www.ergon-verlag.de\/en\/wp-json\/wp\/v2\/media?parent=2388"}],"curies":[{"name":"wp","href":"https:\/\/api.w.org\/{rel}","templated":true}]}}